{"id":13,"date":"2019-09-14T16:44:49","date_gmt":"2019-09-14T16:44:49","guid":{"rendered":"https:\/\/test.haexacher-web.ch\/?page_id=13"},"modified":"2022-03-21T18:07:27","modified_gmt":"2022-03-21T18:07:27","slug":"ueber-mich","status":"publish","type":"page","link":"https:\/\/lagotto-momo.ch\/index.php\/ueber-mich\/","title":{"rendered":"\u00dcber Momo"},"content":{"rendered":"<p>[et_pb_section fb_built=&#8220;1&#8243; _builder_version=&#8220;3.25.2&#8243; global_colors_info=&#8220;{}&#8220;][et_pb_row _builder_version=&#8220;3.25.2&#8243; global_colors_info=&#8220;{}&#8220;][et_pb_column type=&#8220;4_4&#8243; _builder_version=&#8220;3.25.2&#8243; global_colors_info=&#8220;{}&#8220;][et_pb_text _builder_version=&#8220;4.14.2&#8243; _module_preset=&#8220;default&#8220; header_font_size=&#8220;40px&#8220; global_colors_info=&#8220;{}&#8220;]<\/p>\n<h1><strong>\u00dcber uns \u2013 oder wie alles begann<\/strong><\/h1>\n<p>[\/et_pb_text][et_pb_text _builder_version=&#8220;4.14.2&#8243; hover_enabled=&#8220;0&#8243; global_colors_info=&#8220;{}&#8220; sticky_enabled=&#8220;0&#8243;]<\/p>\n<p>Der Traum vom eigenen Lagotto und dann sogar von eigenen Welpen begann vor vielen Jahren. Mitte der Neunziger Jahre habe ich beim Besuch einer Zuchtst\u00e4tte f\u00fcr Chesapeake Bay Retriever meinen ersten Lagotto Romagnolo gesehen und ich habe mich sofort in diese Rasse verliebt. Wahrscheinlich auch, weil sie mich an unseren Pudel-Schnauzer-Mischling Sandy erinnern, der zu unserer Familie geh\u00f6rte, seit ich 12 Jahre alt war. Immer wieder ist mir seit diesem Zeitpunkt ein Mann mit einem Lagotto begegnet und als ich nach einem Stellenwechsel einen Arbeitgeber hatte, der es mir erlaubte, einen Hund mit zur Arbeit zu nehmen, war der Weg frei f\u00fcr meinen ersten eigenen Lagotto. Bei Mirjam durfte ich Vanja kennenlernen \u2013 eine herzensgute Lagottoh\u00fcndin und ich freute mich riesig, dass ich von ihrem n\u00e4chsten Wurf evt. einen Welpen bekommen w\u00fcrde. Am 18. November 2010 brachte dann Vanja acht R\u00fcden zur Welt und ich bekam aus diesem Wurf Momo, genauer gesagt Happy Momo del sogno del bosco. Momo hat mein Leben und meine Welt komplett auf den Kopf gestellt. Ich habe mit ihm und durch ihn ganz viele tolle Menschen und Hunde kennengelernt. Er hat mein Herz gestohlen und ist noch heute mein Wegbegleiter und mein absoluter Seelen- und Herzenshund. Seine liebe, zutrauliche und offene Art ist und war T\u00fcr\u00f6ffner f\u00fcr viele Begegnungen mit Mensch und Hund. Da ich ihn f\u00fcr das erste Mal scheren nicht in einen Salon bringen wollte, habe ich die Z\u00fcchterin von Vanja, Susanne, angefragt, ob ich zu ihr kommen darf. Sie hat mich dann auch animiert mit Momo die Zuchtzulassung zu machen. In ihrer Zucht wurde Momo dann auch zum ersten Mal Vater. In der Zwischenzeit sind viele Momokinder in der Schweiz und auch in Deutschland dazugekommen. Eine H\u00fcndin von Momo, Amala aus der Zucht von Regula, brachte am 26. April 2019 eine nur 162 gr leichte, zierliche H\u00fcndin zur Welt, die wir vom ersten Augenblick in unser Herz geschlossen haben. So kam es, dass Calla, so heisst das kleine M\u00e4dchen, bei Regula und bei mir bleiben durfte. Calla begleitet mich die halbe Woche ins B\u00fcro und die andere H\u00e4lfte ist sie bei Regula. Auch Calla entwickelte sich wunderbar. Sie arbeitet f\u00fcr ihr Leben gern, sei es im Plauschagility, im Mantrailing oder bei der Tr\u00fcffelsuche. Ihre Gesundheitsdaten erlaubten es ebenfalls, dass auch sie die Zuchtzulassung erhalten hat. Somit kam auch mein Wunsch nach einem eigenen Lagottowurf n\u00e4her. In Italien habe ich bei einem Besuch bei einem italienischen Z\u00fcchter einen Eichenbaum gesehen und gefragt, wie der heisst. Die Antwort war Baciuccola und ich fand, das w\u00e4re ein sehr sch\u00f6ner Zuchtname und habe ihn beim FCI registrieren lassen. Am 11. Dezember 2021 wurde dann der Traum Wirklichkeit. Calla gebar sechs gesunde Welpen. Amiro, Aureo, Amali, Avi, Amari und Amo sind also meine ersten Baciuccolawelpen. Danke vielmals an Calla, die so eine wunderbare Mama ist und an Regula f\u00fcr die enorme Unterst\u00fctzung. Bei ihr durften die Welpen grosswerden und ich und Momo hatten Gastrecht von der ersten Minute der Geburt, bis der letzte Welpe in seine Familie zog.<\/p>\n<p>[\/et_pb_text][et_pb_image src=&#8220;https:\/\/lagotto-momo.ch\/wp-content\/uploads\/2022\/03\/20200501_CPC_DX_0128_C1_Master1.jpg&#8220; _builder_version=&#8220;4.14.2&#8243; _module_preset=&#8220;default&#8220; background_enable_image=&#8220;off&#8220; custom_margin=&#8220;51px||50px||false|false&#8220; global_colors_info=&#8220;{}&#8220;][\/et_pb_image][\/et_pb_column][\/et_pb_row][\/et_pb_section]<\/p>\n","protected":false},"excerpt":{"rendered":"<p>\u00dcber uns \u2013 oder wie alles begannDer Traum vom eigenen Lagotto und dann sogar von eigenen Welpen begann vor vielen Jahren. Mitte der Neunziger Jahre habe ich beim Besuch einer Zuchtst\u00e4tte f\u00fcr Chesapeake Bay Retriever meinen ersten Lagotto Romagnolo gesehen und ich habe mich sofort in diese Rasse verliebt. Wahrscheinlich auch, weil sie mich an [&hellip;]<\/p>\n","protected":false},"author":1,"featured_media":0,"parent":0,"menu_order":0,"comment_status":"closed","ping_status":"closed","template":"","meta":{"_et_pb_use_builder":"on","_et_pb_old_content":"","_et_gb_content_width":"","footnotes":""},"class_list":["post-13","page","type-page","status-publish","hentry"],"_links":{"self":[{"href":"https:\/\/lagotto-momo.ch\/index.php\/wp-json\/wp\/v2\/pages\/13","targetHints":{"allow":["GET"]}}],"collection":[{"href":"https:\/\/lagotto-momo.ch\/index.php\/wp-json\/wp\/v2\/pages"}],"about":[{"href":"https:\/\/lagotto-momo.ch\/index.php\/wp-json\/wp\/v2\/types\/page"}],"author":[{"embeddable":true,"href":"https:\/\/lagotto-momo.ch\/index.php\/wp-json\/wp\/v2\/users\/1"}],"replies":[{"embeddable":true,"href":"https:\/\/lagotto-momo.ch\/index.php\/wp-json\/wp\/v2\/comments?post=13"}],"version-history":[{"count":15,"href":"https:\/\/lagotto-momo.ch\/index.php\/wp-json\/wp\/v2\/pages\/13\/revisions"}],"predecessor-version":[{"id":1970,"href":"https:\/\/lagotto-momo.ch\/index.php\/wp-json\/wp\/v2\/pages\/13\/revisions\/1970"}],"wp:attachment":[{"href":"https:\/\/lagotto-momo.ch\/index.php\/wp-json\/wp\/v2\/media?parent=13"}],"curies":[{"name":"wp","href":"https:\/\/api.w.org\/{rel}","templated":true}]}}